{"id":787,"date":"2020-08-26T15:09:22","date_gmt":"2020-08-26T13:09:22","guid":{"rendered":"https:\/\/www.starghotels.com\/impressum\/"},"modified":"2024-03-21T10:58:07","modified_gmt":"2024-03-21T09:58:07","slug":"imprint","status":"publish","type":"page","link":"https:\/\/www.starghotels.com\/en\/imprint\/","title":{"rendered":"Imprint"},"content":{"rendered":"<h2>Impressum<\/h2>\n<h3>Kombinationsimpressum (Anbieterkennzeichnung) aus Telemediengesetz (TMG), Staatsvertrag fu\u0308r Rundfunk und Telemedien (RStV) und Informationen gem\u00e4\u00df Dienstleistungs-Informationspflichten-Verordnung (DLInfoV) basierend auf der EU-Dienstleistungsrichtlinie (RL 2006\/123\/EG Amtsblatt der EU2006, L376\/36 \u201eDRLR\u201c)<\/h3>\n<p>Anbieter und somit verantwortlich fu\u0308r die kommerzielle und gesch\u00e4ftsm\u00e4\u00dfige Website im Sinne des \u00a7 5 des Telemediengesetzes in Funktion als Kerngesetz des Elektronischer-Gesch\u00e4ftsverkehr-Vereinheitlichungsgesetz ElGVG und des Gesetzes zur Regelung der Rahmenbedingungen fu\u0308r Informations- und Kommunikationsdienste (IuKDG), ist die Lectus Dresden GmbH, vertreten durch durch die Gesch\u00e4ftsf\u00fchrer: Stefan Bezold, Lucien Garai, und die Lectus M\u00fcnchen GmbH, vertreten durch die Gesch\u00e4ftsf\u00fchrer: Melanie Singer, Lucien Garai.<\/p>\n<p>Informationen gem\u00e4\u00df \u00a7 2 Absatz 1 Dienstleistungs-Informationspflichten-Verordnung (DLInfoV)<\/p>\n<p>Diese Internetpr\u00e4senz ist ein Informationsangebot der<\/p>\n<p><strong>Lectus Dresden GmbH<\/strong><br \/>\nAltmarkt 4<br \/>\nD-01067 Dresden<\/p>\n<p>Registergericht: Amtsgericht Dresden, HRB 40399<br \/>\nUSt.-Id.-Nr.: DE 333281090<br \/>\nSteuernummer: 203\/113\/09790<\/p>\n<p>E-Mail: dresden.altmarkt@starghotels.com<\/p>\n<p>Vertreten durch die Gesch\u00e4ftsf\u00fchrer: Stefan Bezold, Lucien Garai<\/p>\n<p>Merkmale der Dienstleistung: Betrieb von Hotels.<\/p>\n<p><strong>Lectus M\u00fcnchen GmbH<\/strong><br \/>\nWeimarer Stra\u00dfe 4<br \/>\nD-80807 M\u00fcnchen<\/p>\n<p>Registergericht M\u00fcnchen, HRB 259421<br \/>\nUSt.-Id.-Nr.: DE334159974<br \/>\nSteuernummer: 143\/156\/82178<\/p>\n<p>E-Mail: premium.muenchen@starghotels.com, muenchen.schwabing@starghotels.com<\/p>\n<p>Vertreten durch die Gesch\u00e4ftsf\u00fchrer: Melanie Singer, Lucien Garai<\/p>\n<p>Merkmale der Dienstleistung: Betrieb von Hotels.<\/p>\n<h4>Informationen zur Online-Streitbeilegung gem\u00e4\u00df Art. 14 Abs. 1 ODR-VO:<\/h4>\n<p>Die EU-Kommission stellt eine Plattform zur Online-Streitbeilegung (OS) bereit, die Sie unter <a href=\"http:\/\/ec.europa.eu\/consumers\/odr\" target=\"_blank\" rel=\"noopener noreferrer\">http:\/\/ec.europa.eu\/consumers\/odr<\/a> finden. Die OS-Plattform dient als Anlaufstelle zur au\u00dfergerichtlichen Beilegung von Streitigkeiten betreffend vertraglicher Verpflichtungen, die aus Online-Kaufvertr\u00e4gen erwachsen.<\/p>\n<p>Wir sind zur Teilnahme an einem Streitbeilegungsverfahren vor einer Verbraucherschlichtungsstelle weder verpflichtet noch bereit.<\/p>\n<h4>Verantwortlicher fu\u0308r journalistisch redaktionelle Beitr\u00e4ge gem\u00e4\u00df \u00a7 55 Absatz 2 Staatsvertrag fu\u0308r Rundfunk und Telemedien (RStV):<\/h4>\n<p>Lectus Dresden GmbH, Lectus M\u00fcnchen GmbH<\/p>\n<h4>Preisangaben gem\u00e4\u00df \u00a7 4 Dienstleistungs-Informationspflichten-Verordnung (DL-InfoV) und Preisangabenverordnung (PAngV)<\/h4>\n<p>Die Lectus Dresden GmbH weist zur Preisklarheit und Preiswahrheit alle Preise (\u00dcbernachtung, gegebenenfalls Fru\u0308hstu\u0308ck, Internetzugang und andere optionale Leistungen) vor und w\u00e4hrend dem Buchungsvorgang aus.<\/p>\n<p>Die Lectus M\u00fcnchen GmbH weist zur Preisklarheit und Preiswahrheit alle Preise (\u00dcbernachtung, gegebenenfalls Fru\u0308hstu\u0308ck, Internetzugang und andere optionale Leistungen) vor und w\u00e4hrend dem Buchungsvorgang aus.<\/p>\n<h4>Allgemeine Gesch\u00e4ftsbedingungen (AGB):<\/h4>\n<p>Die Lectus Dresden GmbH verfu\u0308gt u\u0308ber Allgemeine Gesch\u00e4ftsbedingungen (AGB).<\/p>\n<p>Die Lectus M\u00fcnchen GmbH verfu\u0308gt u\u0308ber Allgemeine Gesch\u00e4ftsbedingungen (AGB).<\/p>\n<h4>Zust\u00e4ndige Aufsichtsbeh\u00f6rden:<\/h4>\n<p>Die Lectus Dresden GmbH ist ein erlaubnispflichtiges Unternehmen gem\u00e4\u00df \u00a7 2 des Gastst\u00e4ttengesetzes (GastG)<\/p>\n<p><strong>F\u00fcr den Standort Dresden:<br \/>\n<\/strong>Landeshauptstadt Dresden<br \/>\nOrdnungsamt<br \/>\nTheaterstra\u00dfe 11-15<br \/>\n01067 Dresden<\/p>\n<p><strong>F\u00fcr den Standort M\u00fcnchen Schwabing:<\/strong><br \/>\nLandeshauptstadt M\u00fcnchen Kreisverwaltungsreferat (KVR)<br \/>\nHauptabteilung I Sicherheit und Ordnung. Gewerbe, Lebensmittelsicherheit, Veterin\u00e4rwesen, Bezirksinspektionen, Gastst\u00e4tten, Veranstaltungen, Versammlungen<br \/>\nRuppertstra\u00dfe 19<br \/>\nD-80337 M\u00fcnchen<\/p>\n<h4>Konzeptionelle und Technische Betreuung dieser Website:<\/h4>\n<p><a title=\"Internet Agentur Spitting Llama\" href=\"https:\/\/spittingllama.at\/\" target=\"_blank\" rel=\"noopener noreferrer\">Spitting Llama KG<\/a><br \/>\ninfo@spittingllama.at<\/p>\n<h4>Markenschutz<\/h4>\n<p>Jedes hier genannte Firmen- oder Markenzeichen ist Eigentum der jeweiligen Firma. Die Nennung von Marken und Namen geschieht zu rein informativen Zwecken.<\/p>\n<h4>\u00a9 Copyright<\/h4>\n<p>Alle Rechte vorbehalten. Text, Bilder und Grafiken sowie deren Anordnung auf der Website unterliegen dem Schutz des Urheberrechts und anderer Schutzgesetze. Der Inhalt dieser Websites darf nicht zu kommerziellen Zwecken kopiert, verbreitet, ver\u00e4ndert oder Dritten zug\u00e4nglich gemacht werden.<\/p>\n<h4>\u00a9 Copyright Bildquellen:<\/h4>\n<p>Lectus Dresden GmbH, Lectus M\u00fcnchen GmbH<\/p>\n<p><strong>Fotografen:<\/strong><\/p>\n<p>Imrich Koncz<br \/>\nZoKa | Fine Art Wedding &amp; Portrait Photography by Annett Zollfeldt &amp; Katja Knetschke GbR<br \/>\nBeate Muttenhammer Fotografie<\/p>\n<p><strong>Stockfotos:<\/strong><\/p>\n<p>Dresden: 56399220 &#8211; \u00a9rudybalasko, istockphoto.com<br \/>\nDresden: 806325 &#8211; \u00a9cocoparisienne, pixabay.com<br \/>\nDresden: &#8220;Happy diverse friends giving hug meeting girlfriend in cafe&#8221; &#8211; \u00a9fizkes, Adobe Stock<br \/>\nM\u00fcnchen: &#8220;aerial photo of cityscape during nighttime photo&#8221;, C6l894Q7wpI &#8211; \u00a9danielsessler, unsplash.com<br \/>\nSt\u00e4dteurlaub mit der Familie: &#8220;Parents and kids sleeping in bedroom &#8221; &#8211; \u00a9WavebreakMediaMicro, Adobe Stock<br \/>\nFr\u00fchst\u00fcck: &#8220;leckeres Fr\u00fchst\u00fcck&#8221; &#8211; \u00a9juefraphoto, Adobe Stock<\/p>\n<h4>Haftung<\/h4>\n<p>Die Lectus Dresden GmbH kann diese Website nach eigenem Ermessen und ohne \u00dcbernahme einer Haftung jederzeit ohne Anku\u0308ndigung ganz oder teilweise ver\u00e4ndern und deren Betrieb einstellen. Durch das Setzen eines Links zu fremden Websites (\u201eHyperlinks\u201c) macht sich die Lectus Dresden GmbH weder diese Website noch deren Inhalt zu Eigen. Ferner ist die Lectus Dresden GmbH nicht verantwortlich fu\u0308r die Verfu\u0308gbarkeit dieser Websites oder von deren Inhalten.<\/p>\n<h4>Hinweis: Allgemeines Gleichbehandlungsgesetz (AGG)<\/h4>\n<p>Aus Gru\u0308nden der leichteren Lesbarkeit wird auf eine geschlechterspezifische Differenzierung verzichtet. Entsprechende Begriffe gelten im Sinne der Gleichbehandlung fu\u0308r beide Geschlechter<\/p>\n","protected":false},"excerpt":{"rendered":"<p>Impressum Kombinationsimpressum (Anbieterkennzeichnung) aus Telemediengesetz (TMG), Staatsvertrag fu\u0308r Rundfunk und Telemedien (RStV) und Informationen gem\u00e4\u00df Dienstleistungs-Informationspflichten-Verordnung (DLInfoV) basierend auf der EU-Dienstleistungsrichtlinie (RL 2006\/123\/EG Amtsblatt der EU2006, L376\/36 \u201eDRLR\u201c) Anbieter und&#8230;<\/p>\n","protected":false},"author":1,"featured_media":0,"parent":0,"menu_order":0,"comment_status":"closed","ping_status":"closed","template":"","meta":{"footnotes":"","_links_to":"","_links_to_target":""},"class_list":["post-787","page","type-page","status-publish"],"yoast_head":"<!-- This site is optimized with the Yoast SEO plugin v27.0 - https:\/\/yoast.com\/product\/yoast-seo-wordpress\/ -->\n<title>Imprint - Star G Hotels<\/title>\n<meta name=\"robots\" content=\"noindex, nofollow\" \/>\n<meta property=\"og:locale\" content=\"en_US\" \/>\n<meta property=\"og:type\" content=\"article\" \/>\n<meta property=\"og:title\" content=\"Imprint - Star G Hotels\" \/>\n<meta property=\"og:description\" content=\"Impressum Kombinationsimpressum (Anbieterkennzeichnung) aus Telemediengesetz (TMG), Staatsvertrag fu\u0308r Rundfunk und Telemedien (RStV) und Informationen gem\u00e4\u00df Dienstleistungs-Informationspflichten-Verordnung (DLInfoV) basierend auf der EU-Dienstleistungsrichtlinie (RL 2006\/123\/EG Amtsblatt der EU2006, L376\/36 \u201eDRLR\u201c) Anbieter und...\" \/>\n<meta property=\"og:url\" content=\"https:\/\/www.starghotels.com\/en\/imprint\/\" \/>\n<meta property=\"og:site_name\" content=\"Star G Hotels\" \/>\n<meta property=\"article:modified_time\" content=\"2024-03-21T09:58:07+00:00\" \/>\n<meta name=\"twitter:card\" content=\"summary_large_image\" \/>\n<meta name=\"twitter:label1\" content=\"Est. reading time\" \/>\n\t<meta name=\"twitter:data1\" content=\"3 minutes\" \/>\n<script type=\"application\/ld+json\" class=\"yoast-schema-graph\">{\"@context\":\"https:\/\/schema.org\",\"@graph\":[{\"@type\":\"WebPage\",\"@id\":\"https:\/\/www.starghotels.com\/en\/imprint\/\",\"url\":\"https:\/\/www.starghotels.com\/en\/imprint\/\",\"name\":\"Imprint - Star G Hotels\",\"isPartOf\":{\"@id\":\"https:\/\/www.starghotels.com\/en\/#website\"},\"datePublished\":\"2020-08-26T13:09:22+00:00\",\"dateModified\":\"2024-03-21T09:58:07+00:00\",\"breadcrumb\":{\"@id\":\"https:\/\/www.starghotels.com\/en\/imprint\/#breadcrumb\"},\"inLanguage\":\"en-US\",\"potentialAction\":[{\"@type\":\"ReadAction\",\"target\":[\"https:\/\/www.starghotels.com\/en\/imprint\/\"]}]},{\"@type\":\"BreadcrumbList\",\"@id\":\"https:\/\/www.starghotels.com\/en\/imprint\/#breadcrumb\",\"itemListElement\":[{\"@type\":\"ListItem\",\"position\":1,\"name\":\"Home\",\"item\":\"https:\/\/www.starghotels.com\/en\/\"},{\"@type\":\"ListItem\",\"position\":2,\"name\":\"Imprint\"}]},{\"@type\":\"WebSite\",\"@id\":\"https:\/\/www.starghotels.com\/en\/#website\",\"url\":\"https:\/\/www.starghotels.com\/en\/\",\"name\":\"Star G Hotels\",\"description\":\"\",\"publisher\":{\"@id\":\"https:\/\/www.starghotels.com\/en\/#organization\"},\"potentialAction\":[{\"@type\":\"SearchAction\",\"target\":{\"@type\":\"EntryPoint\",\"urlTemplate\":\"https:\/\/www.starghotels.com\/en\/?s={search_term_string}\"},\"query-input\":{\"@type\":\"PropertyValueSpecification\",\"valueRequired\":true,\"valueName\":\"search_term_string\"}}],\"inLanguage\":\"en-US\"},{\"@type\":\"Organization\",\"@id\":\"https:\/\/www.starghotels.com\/en\/#organization\",\"name\":\"Star G Hotel Collection\",\"url\":\"https:\/\/www.starghotels.com\/en\/\",\"logo\":{\"@type\":\"ImageObject\",\"inLanguage\":\"en-US\",\"@id\":\"https:\/\/www.starghotels.com\/en\/#\/schema\/logo\/image\/\",\"url\":\"https:\/\/www.starghotels.com\/wp-content\/uploads\/starg-hotels-logo@2x.png\",\"contentUrl\":\"https:\/\/www.starghotels.com\/wp-content\/uploads\/starg-hotels-logo@2x.png\",\"width\":242,\"height\":164,\"caption\":\"Star G Hotel Collection\"},\"image\":{\"@id\":\"https:\/\/www.starghotels.com\/en\/#\/schema\/logo\/image\/\"}}]}<\/script>\n<!-- \/ Yoast SEO plugin. -->","yoast_head_json":{"title":"Imprint - Star G Hotels","robots":{"index":"noindex","follow":"nofollow"},"og_locale":"en_US","og_type":"article","og_title":"Imprint - Star G Hotels","og_description":"Impressum Kombinationsimpressum (Anbieterkennzeichnung) aus Telemediengesetz (TMG), Staatsvertrag fu\u0308r Rundfunk und Telemedien (RStV) und Informationen gem\u00e4\u00df Dienstleistungs-Informationspflichten-Verordnung (DLInfoV) basierend auf der EU-Dienstleistungsrichtlinie (RL 2006\/123\/EG Amtsblatt der EU2006, L376\/36 \u201eDRLR\u201c) Anbieter und...","og_url":"https:\/\/www.starghotels.com\/en\/imprint\/","og_site_name":"Star G Hotels","article_modified_time":"2024-03-21T09:58:07+00:00","twitter_card":"summary_large_image","twitter_misc":{"Est. reading time":"3 minutes"},"schema":{"@context":"https:\/\/schema.org","@graph":[{"@type":"WebPage","@id":"https:\/\/www.starghotels.com\/en\/imprint\/","url":"https:\/\/www.starghotels.com\/en\/imprint\/","name":"Imprint - Star G Hotels","isPartOf":{"@id":"https:\/\/www.starghotels.com\/en\/#website"},"datePublished":"2020-08-26T13:09:22+00:00","dateModified":"2024-03-21T09:58:07+00:00","breadcrumb":{"@id":"https:\/\/www.starghotels.com\/en\/imprint\/#breadcrumb"},"inLanguage":"en-US","potentialAction":[{"@type":"ReadAction","target":["https:\/\/www.starghotels.com\/en\/imprint\/"]}]},{"@type":"BreadcrumbList","@id":"https:\/\/www.starghotels.com\/en\/imprint\/#breadcrumb","itemListElement":[{"@type":"ListItem","position":1,"name":"Home","item":"https:\/\/www.starghotels.com\/en\/"},{"@type":"ListItem","position":2,"name":"Imprint"}]},{"@type":"WebSite","@id":"https:\/\/www.starghotels.com\/en\/#website","url":"https:\/\/www.starghotels.com\/en\/","name":"Star G Hotels","description":"","publisher":{"@id":"https:\/\/www.starghotels.com\/en\/#organization"},"potentialAction":[{"@type":"SearchAction","target":{"@type":"EntryPoint","urlTemplate":"https:\/\/www.starghotels.com\/en\/?s={search_term_string}"},"query-input":{"@type":"PropertyValueSpecification","valueRequired":true,"valueName":"search_term_string"}}],"inLanguage":"en-US"},{"@type":"Organization","@id":"https:\/\/www.starghotels.com\/en\/#organization","name":"Star G Hotel Collection","url":"https:\/\/www.starghotels.com\/en\/","logo":{"@type":"ImageObject","inLanguage":"en-US","@id":"https:\/\/www.starghotels.com\/en\/#\/schema\/logo\/image\/","url":"https:\/\/www.starghotels.com\/wp-content\/uploads\/starg-hotels-logo@2x.png","contentUrl":"https:\/\/www.starghotels.com\/wp-content\/uploads\/starg-hotels-logo@2x.png","width":242,"height":164,"caption":"Star G Hotel Collection"},"image":{"@id":"https:\/\/www.starghotels.com\/en\/#\/schema\/logo\/image\/"}}]}},"_links":{"self":[{"href":"https:\/\/www.starghotels.com\/en\/wp-json\/wp\/v2\/pages\/787","targetHints":{"allow":["GET"]}}],"collection":[{"href":"https:\/\/www.starghotels.com\/en\/wp-json\/wp\/v2\/pages"}],"about":[{"href":"https:\/\/www.starghotels.com\/en\/wp-json\/wp\/v2\/types\/page"}],"author":[{"embeddable":true,"href":"https:\/\/www.starghotels.com\/en\/wp-json\/wp\/v2\/users\/1"}],"replies":[{"embeddable":true,"href":"https:\/\/www.starghotels.com\/en\/wp-json\/wp\/v2\/comments?post=787"}],"version-history":[{"count":8,"href":"https:\/\/www.starghotels.com\/en\/wp-json\/wp\/v2\/pages\/787\/revisions"}],"predecessor-version":[{"id":1841,"href":"https:\/\/www.starghotels.com\/en\/wp-json\/wp\/v2\/pages\/787\/revisions\/1841"}],"wp:attachment":[{"href":"https:\/\/www.starghotels.com\/en\/wp-json\/wp\/v2\/media?parent=787"}],"curies":[{"name":"wp","href":"https:\/\/api.w.org\/{rel}","templated":true}]}}